{"id":57214,"date":"2023-06-07T05:03:40","date_gmt":"2023-06-07T10:03:40","guid":{"rendered":"https:\/\/kodesolution.com\/2023\/pixlab\/?page_id=57214"},"modified":"2023-09-04T15:45:24","modified_gmt":"2023-09-04T20:45:24","slug":"bayspec-goldeneye","status":"publish","type":"page","link":"https:\/\/ayctechnologies.com\/index.php\/bayspec-goldeneye\/","title":{"rendered":"BaySpec GoldenEye"},"content":{"rendered":"\t\t<div data-elementor-type=\"wp-page\" data-elementor-id=\"57214\" class=\"elementor elementor-57214\">\n\t\t\t\t\t\t<section class=\"elementor-section elementor-top-section elementor-element elementor-element-37da7cd elementor-section-stretched elementor-section-boxed elementor-section-height-default elementor-section-height-default tm-col-stretched-none tm-bg-color-over-image\" data-id=\"37da7cd\" data-element_type=\"section\" data-settings=\"{&quot;stretch_section&quot;:&quot;section-stretched&quot;}\">\n\t\t\t\t\t\t<div class=\"elementor-container elementor-column-gap-extended\">\n\t\t\t\t\t<div class=\"elementor-column elementor-col-33 elementor-top-column elementor-element elementor-element-09d156d tm-bg-color-over-image\" data-id=\"09d156d\" data-element_type=\"column\">\n\t\t\t<div class=\"elementor-widget-wrap elementor-element-populated\">\n\t\t\t\t\t\t<section class=\"elementor-section elementor-inner-section elementor-element elementor-element-21fbc91 elementor-section-boxed elementor-section-height-default elementor-section-height-default tm-col-stretched-none tm-bg-color-over-image\" data-id=\"21fbc91\" data-element_type=\"section\">\n\t\t\t\t\t\t<div class=\"elementor-container elementor-column-gap-no\">\n\t\t\t\t\t<div class=\"elementor-column elementor-col-100 elementor-inner-column elementor-element elementor-element-0f066c0 tm-bg-color-over-image\" data-id=\"0f066c0\" data-element_type=\"column\">\n\t\t\t<div class=\"elementor-widget-wrap elementor-element-populated\">\n\t\t\t\t\t\t<div class=\"elementor-element elementor-element-7c16cca elementor-widget elementor-widget-tm-ele-navigation-menu\" data-id=\"7c16cca\" data-element_type=\"widget\" data-widget_type=\"tm-ele-navigation-menu.default\">\n\t\t\t\t<div class=\"elementor-widget-container\">\n\t\t\t<div class=\"tm-sc-simple-nav-menu\"><ul id=\"menu-service-menu\" class=\"\"><li id=\"menu-item-66453\" class=\"menu-item menu-item-type-custom menu-item-object-custom menu-item-66453\"><a href=\"#\"><i class=\"tm-nav-arrow-icon fas fa-arrow-right\"><\/i>Creative Design<\/a><\/li>\n<li id=\"menu-item-66454\" class=\"menu-item menu-item-type-custom menu-item-object-custom menu-item-66454\"><a href=\"#\"><i class=\"tm-nav-arrow-icon fas fa-arrow-right\"><\/i>Marketing Startegy<\/a><\/li>\n<li id=\"menu-item-66455\" class=\"menu-item menu-item-type-custom menu-item-object-custom menu-item-66455\"><a href=\"#\"><i class=\"tm-nav-arrow-icon fas fa-arrow-right\"><\/i>Web Development<\/a><\/li>\n<li id=\"menu-item-66456\" class=\"menu-item menu-item-type-custom menu-item-object-custom menu-item-66456\"><a href=\"#\"><i class=\"tm-nav-arrow-icon fas fa-arrow-right\"><\/i>SEO Optimization<\/a><\/li>\n<li id=\"menu-item-66459\" class=\"menu-item menu-item-type-custom menu-item-object-custom menu-item-66459\"><a href=\"#\"><i class=\"tm-nav-arrow-icon fas fa-arrow-right\"><\/i>It &#038; Technology<\/a><\/li>\n<li id=\"menu-item-66460\" class=\"menu-item menu-item-type-custom menu-item-object-custom menu-item-66460\"><a href=\"#\"><i class=\"tm-nav-arrow-icon fas fa-arrow-right\"><\/i>Product Design<\/a><\/li>\n<\/ul><\/div>\t\t<\/div>\n\t\t\t\t<\/div>\n\t\t\t\t\t<\/div>\n\t\t<\/div>\n\t\t\t\t\t<\/div>\n\t\t<\/section>\n\t\t\t\t<section class=\"elementor-section elementor-inner-section elementor-element elementor-element-a3c4cd5 elementor-section-boxed elementor-section-height-default elementor-section-height-default tm-col-stretched-none tm-bg-color-over-image\" data-id=\"a3c4cd5\" data-element_type=\"section\" data-settings=\"{&quot;background_background&quot;:&quot;classic&quot;}\">\n\t\t\t\t\t\t\t<div class=\"elementor-background-overlay\"><\/div>\n\t\t\t\t\t\t\t<div class=\"elementor-container elementor-column-gap-default\">\n\t\t\t\t\t<div class=\"elementor-column elementor-col-100 elementor-inner-column elementor-element elementor-element-3506885 tm-bg-color-over-image\" data-id=\"3506885\" data-element_type=\"column\">\n\t\t\t<div class=\"elementor-widget-wrap elementor-element-populated\">\n\t\t\t\t\t\t<div class=\"elementor-element elementor-element-053d992 elementor-widget elementor-widget-tm-ele-iconbox\" data-id=\"053d992\" data-element_type=\"widget\" data-widget_type=\"tm-ele-iconbox.default\">\n\t\t\t\t<div class=\"elementor-widget-container\">\n\t\t\t<div class=\"tm-sc-icon-box icon-box icon-top tm-iconbox-icontype-font-icon icon-position-icon-top animate-icon-on-hover animate-icon-rotate-y\" >\r\n\t\r\n  \t<div class=\"icon-box-wrapper\">\r\n\t\t\r\n\t\t<div class=\"icon-wrapper\">\r\n\t\t<a class=\"icon icon-type-font-icon icon-sm icon-gray icon-circled\"\r\n\r\n\t\t\t\t\t\t\t\t>\r\n\t\t\t<i aria-hidden=\"true\" class=\" flaticon-common-call\"><\/i>\t\t<\/a>\r\n\r\n\t\t\t<\/div>\r\n\t\t\t<div class=\"icon-text\">\r\n\t\t\t\t\t\t\r\n\t\t\t\t\t\t\t\t\t\t\t\r\n\t\t\t\r\n\t\r\n\t\t\t\t\t<\/div>\r\n\t\t<div class=\"clearfix\"><\/div>\r\n\t<\/div>\r\n<\/div>\t\t<\/div>\n\t\t\t\t<\/div>\n\t\t\t\t<div class=\"elementor-element elementor-element-8276956 elementor-widget elementor-widget-heading\" data-id=\"8276956\" data-element_type=\"widget\" data-widget_type=\"heading.default\">\n\t\t\t\t<div class=\"elementor-widget-container\">\n\t\t\t<style>\/*! elementor - v3.20.0 - 20-03-2024 *\/\n.elementor-heading-title{padding:0;margin:0;line-height:1}.elementor-widget-heading .elementor-heading-title[class*=elementor-size-]>a{color:inherit;font-size:inherit;line-height:inherit}.elementor-widget-heading .elementor-heading-title.elementor-size-small{font-size:15px}.elementor-widget-heading .elementor-heading-title.elementor-size-medium{font-size:19px}.elementor-widget-heading .elementor-heading-title.elementor-size-large{font-size:29px}.elementor-widget-heading .elementor-heading-title.elementor-size-xl{font-size:39px}.elementor-widget-heading .elementor-heading-title.elementor-size-xxl{font-size:59px}<\/style><h3 class=\"elementor-heading-title elementor-size-default\">Looking for\nTop Digital\nservice?<\/h3>\t\t<\/div>\n\t\t\t\t<\/div>\n\t\t\t\t<div class=\"elementor-element elementor-element-5cf167b horizontal-line-align-left vertical-line-align-bottom square-box-align-center elementor-widget elementor-widget-tm-ele-section-title\" data-id=\"5cf167b\" data-element_type=\"widget\" data-widget_type=\"tm-ele-section-title.default\">\n\t\t\t\t<div class=\"elementor-widget-container\">\n\t\t\t<div class=\"tm-sc-section-title section-title \">\r\n\t<div class=\"title-wrapper\">\r\n\t\t\t\t\t\t<p class=\"subtitle \">\r\n\r\n\t\t\r\n\t\tCall anytime\t<\/p>\r\n\t\t\t\t<h5 class=\"title \">\r\n\r\n\t\t\r\n\t\t\t\t<span class=\"title-part1 \">+92 (8800) 3680<\/span>\r\n\t\t\t\t\r\n\t\t\r\n\t<\/h5>\r\n\t<div class=\"title-seperator-line\"><\/div>\t\t\t\t\t\t<\/div>\r\n<\/div>\t\t<\/div>\n\t\t\t\t<\/div>\n\t\t\t\t\t<\/div>\n\t\t<\/div>\n\t\t\t\t\t<\/div>\n\t\t<\/section>\n\t\t\t\t\t<\/div>\n\t\t<\/div>\n\t\t\t\t<div class=\"elementor-column elementor-col-66 elementor-top-column elementor-element elementor-element-bd37feb tm-bg-color-over-image\" data-id=\"bd37feb\" data-element_type=\"column\">\n\t\t\t<div class=\"elementor-widget-wrap elementor-element-populated\">\n\t\t\t\t\t\t<div class=\"elementor-element elementor-element-21c87a4 elementor-widget elementor-widget-image\" data-id=\"21c87a4\" data-element_type=\"widget\" data-widget_type=\"image.default\">\n\t\t\t\t<div class=\"elementor-widget-container\">\n\t\t\t<style>\/*! elementor - v3.20.0 - 20-03-2024 *\/\n.elementor-widget-image{text-align:center}.elementor-widget-image a{display:inline-block}.elementor-widget-image a img[src$=\".svg\"]{width:48px}.elementor-widget-image img{vertical-align:middle;display:inline-block}<\/style>\t\t\t\t\t\t\t\t\t\t<img decoding=\"async\" src=\"https:\/\/ayctechnologies.com\/wp-content\/uploads\/2023\/09\/Mesa-de-trabajo-1-copia-2-80.jpg\" title=\"Mesa de trabajo 1 copia 2-80\" alt=\"Mesa de trabajo 1 copia 2-80\" loading=\"lazy\" \/>\t\t\t\t\t\t\t\t\t\t\t\t\t<\/div>\n\t\t\t\t<\/div>\n\t\t\t\t<div class=\"elementor-element elementor-element-4cb3cba elementor-widget elementor-widget-tm-ele-text-editor\" data-id=\"4cb3cba\" data-element_type=\"widget\" data-widget_type=\"tm-ele-text-editor.default\">\n\t\t\t\t<div class=\"elementor-widget-container\">\n\t\t\t\t\t<div class=\"tm-text-editor\">\r\n\t\t<h3>BaySpec GoldenEye<\/h3>\t\t<\/div>\r\n\t\t\t<\/div>\n\t\t\t\t<\/div>\n\t\t\t\t<div class=\"elementor-element elementor-element-52e40c7 elementor-widget elementor-widget-tm-ele-text-editor\" data-id=\"52e40c7\" data-element_type=\"widget\" data-widget_type=\"tm-ele-text-editor.default\">\n\t\t\t\t<div class=\"elementor-widget-container\">\n\t\t\t\t\t<div class=\"tm-text-editor\">\r\n\t\t<p>Versi\u00f3n de BaySpec Porr\u00f3nTM, el primer y \u00fanico generador de im\u00e1genes hiperespectrales instant\u00e1neas del mundo en el mercado actual que cubre longitudes de onda VIS\/NIR\/SWIR (400 \u2013 1700 nm). Este novedoso generador de im\u00e1genes presenta una alta sensibilidad y es m\u00e1s adecuado para aplicaciones de bajo nivel de luz.<\/p>\t\t<\/div>\r\n\t\t\t<\/div>\n\t\t\t\t<\/div>\n\t\t\t\t<div class=\"elementor-element elementor-element-bcb8fb4 elementor-widget elementor-widget-tm-ele-iconbox\" data-id=\"bcb8fb4\" data-element_type=\"widget\" data-widget_type=\"tm-ele-iconbox.default\">\n\t\t\t\t<div class=\"elementor-widget-container\">\n\t\t\t<div class=\"tm-sc-icon-box icon-box icon-top tm-iconbox-icontype-no-icon icon-position-icon-top animate-icon-on-hover animate-icon-rotate-y\" >\r\n\t\r\n  \t<div class=\"icon-box-wrapper\">\r\n\t\t\r\n\t\t\t<div class=\"icon-text\">\r\n\t\t\t\t\t\t\r\n\t\t\t\t<p class=\"icon-box-title \">\r\n\t\t\t\t\t\t\tGoldenEye\u2122 - Generador de im\u00e1genes hiperespectrales de instant\u00e1neas ultraminiatura\t\t\t\t\t<\/p>\r\n\t\t\t\t\t\t\t\t\t\t\t\r\n\t\t\t\r\n\t\r\n\t\t\t\t\t<\/div>\r\n\t\t<div class=\"clearfix\"><\/div>\r\n\t<\/div>\r\n<\/div>\t\t<\/div>\n\t\t\t\t<\/div>\n\t\t\t\t<div class=\"elementor-element elementor-element-782d692 elementor-widget elementor-widget-tm-ele-text-editor\" data-id=\"782d692\" data-element_type=\"widget\" data-widget_type=\"tm-ele-text-editor.default\">\n\t\t\t\t<div class=\"elementor-widget-container\">\n\t\t\t\t\t<div class=\"tm-text-editor\">\r\n\t\t<p><span _istranslated=\"1\">GoldenEye\u2122<\/span><span _istranslated=\"1\">, la c\u00e1mara hiperespectral instant\u00e1nea ultraminiatura, cubre un rango espectral visible \u2013 infrarrojo cercano (VIS - NIR) de 400 a 1100nm. BaySpec contin\u00faa el desarrollo innovador de una c\u00e1mara hiperespectral instant\u00e1nea extremadamente precisa. Empleando una tecnolog\u00eda patentada \u00fanica FT-PI, este novedoso generador de im\u00e1genes hiperespectrales instant\u00e1neas presenta una resoluci\u00f3n espectral nativa de 8 - 60 nm FWHM y 648 x 488 p\u00edxeles con 140 bandas espectrales activas y es la soluci\u00f3n ideal para aplicaciones de bajo nivel de luz.<\/span><\/p>\t\t<\/div>\r\n\t\t\t<\/div>\n\t\t\t\t<\/div>\n\t\t\t\t<div class=\"elementor-element elementor-element-5879376 elementor-widget elementor-widget-tm-ele-text-editor\" data-id=\"5879376\" data-element_type=\"widget\" data-widget_type=\"tm-ele-text-editor.default\">\n\t\t\t\t<div class=\"elementor-widget-container\">\n\t\t\t\t\t<div class=\"tm-text-editor\">\r\n\t\t<p><span _msttexthash=\"30384107\" _msthash=\"68\">Con el software empaquetado y el disparador externo, este generador de im\u00e1genes hiperespectrales de instant\u00e1neas ultraminiatura ofrece una experiencia de operaci\u00f3n f\u00e1cil de usar a partir de un an\u00e1lisis integral de datos espectrales.<\/span><\/p><p _msttexthash=\"57984966\" _msthash=\"69\"><span _istranslated=\"1\">El dispositivo ultraminiatura, la amplia cobertura espectral y la alta sensibilidad se adaptan a diversas aplicaciones del mundo real, incluida la visi\u00f3n artificial, las im\u00e1genes de fluorescencia, el diagn\u00f3stico m\u00e9dico, la agricultura de precisi\u00f3n, el monitoreo ambiental,\u00a0<\/span>la<span>\u00a0<\/span><span _istranslated=\"1\">mineralog\u00eda<\/span><span>\u00a0<\/span><span _istranslated=\"1\">y la inspecci\u00f3n de infraestructura.<\/span><\/p>\t\t<\/div>\r\n\t\t\t<\/div>\n\t\t\t\t<\/div>\n\t\t\t\t<section class=\"elementor-section elementor-inner-section elementor-element elementor-element-a846c8d elementor-section-boxed elementor-section-height-default elementor-section-height-default tm-col-stretched-none tm-bg-color-over-image\" data-id=\"a846c8d\" data-element_type=\"section\">\n\t\t\t\t\t\t<div class=\"elementor-container elementor-column-gap-extended\">\n\t\t\t\t\t<div class=\"elementor-column elementor-col-50 elementor-inner-column elementor-element elementor-element-07377ba tm-bg-color-over-image\" data-id=\"07377ba\" data-element_type=\"column\">\n\t\t\t<div class=\"elementor-widget-wrap elementor-element-populated\">\n\t\t\t\t\t\t<div class=\"elementor-element elementor-element-4d34f4e elementor-widget elementor-widget-image\" data-id=\"4d34f4e\" data-element_type=\"widget\" data-widget_type=\"image.default\">\n\t\t\t\t<div class=\"elementor-widget-container\">\n\t\t\t\t\t\t\t\t\t\t\t\t\t<img decoding=\"async\" width=\"200\" height=\"200\" src=\"https:\/\/ayctechnologies.com\/wp-content\/uploads\/2023\/09\/Bayspec-GoldenEye-Snapshot-Hyperspectral-Camera.png\" class=\"attachment-medium_large size-medium_large wp-image-72575\" alt=\"\" srcset=\"https:\/\/ayctechnologies.com\/wp-content\/uploads\/2023\/09\/Bayspec-GoldenEye-Snapshot-Hyperspectral-Camera.png 200w, https:\/\/ayctechnologies.com\/wp-content\/uploads\/2023\/09\/Bayspec-GoldenEye-Snapshot-Hyperspectral-Camera-150x150.png 150w, https:\/\/ayctechnologies.com\/wp-content\/uploads\/2023\/09\/Bayspec-GoldenEye-Snapshot-Hyperspectral-Camera-100x100.png 100w\" sizes=\"(max-width: 200px) 100vw, 200px\" \/>\t\t\t\t\t\t\t\t\t\t\t\t\t<\/div>\n\t\t\t\t<\/div>\n\t\t\t\t\t<\/div>\n\t\t<\/div>\n\t\t\t\t<div class=\"elementor-column elementor-col-50 elementor-inner-column elementor-element elementor-element-f6a2ac4 tm-bg-color-over-image\" data-id=\"f6a2ac4\" data-element_type=\"column\">\n\t\t\t<div class=\"elementor-widget-wrap elementor-element-populated\">\n\t\t\t\t\t\t<div class=\"elementor-element elementor-element-5d31b53 elementor-widget elementor-widget-tm-ele-text-editor\" data-id=\"5d31b53\" data-element_type=\"widget\" data-widget_type=\"tm-ele-text-editor.default\">\n\t\t\t\t<div class=\"elementor-widget-container\">\n\t\t\t\t\t<div class=\"tm-text-editor\">\r\n\t\t<h3>Caracter\u00edsticas principal<\/h3>\t\t<\/div>\r\n\t\t\t<\/div>\n\t\t\t\t<\/div>\n\t\t\t\t<div class=\"elementor-element elementor-element-9a193f3 elementor-widget__width-initial elementor-widget elementor-widget-tm-ele-list\" data-id=\"9a193f3\" data-element_type=\"widget\" data-widget_type=\"tm-ele-list.default\">\n\t\t\t\t<div class=\"elementor-widget-container\">\n\t\t\t<ul class=\"tm-sc-list \">\r\n\t<li class=\"\">\r\n\t\t\t\t<i aria-hidden=\"true\" class=\"fas fa-check-circle\"><\/i>\t\t\t\t<span>\r\n\tVIS \u2013 Rango espectral NIR de 400 a 1100 nm<\/span><\/li>\t<li class=\"\">\r\n\t\t\t\t<i aria-hidden=\"true\" class=\"fas fa-check-circle\"><\/i>\t\t\t\t<span>\r\n\tAlta sensibilidad para la medici\u00f3n con poca luz<\/span><\/li>\t<li class=\"\">\r\n\t\t\t\t<i aria-hidden=\"true\" class=\"fas fa-check-circle\"><\/i>\t\t\t\t<span>\r\n\tTecnolog\u00eda patentada FT-PI<\/span><\/li>\t<li class=\"\">\r\n\t\t\t\t<i aria-hidden=\"true\" class=\"fas fa-check-circle\"><\/i>\t\t\t\t<span>\r\n\tUltraminiatura e ideal para la integraci\u00f3n de drones<\/span><\/li><\/ul>\t\t<\/div>\n\t\t\t\t<\/div>\n\t\t\t\t\t<\/div>\n\t\t<\/div>\n\t\t\t\t\t<\/div>\n\t\t<\/section>\n\t\t\t\t<div class=\"elementor-element elementor-element-570ff52 elementor-widget elementor-widget-tm-ele-accordion\" data-id=\"570ff52\" data-element_type=\"widget\" data-widget_type=\"tm-ele-accordion.skin-classic\">\n\t\t\t\t<div class=\"elementor-widget-container\">\n\t\t\t\t\t<div id=\"accordion-holder-448714\" class=\"tm-accordion icon-round-border skin-classic\">\r\n\t\r\n  <div class=\"card \">\r\n    <div class=\"card-header p-0\" id=\"heading211\">\r\n      <h5 class=\"title collapsed\" data-bs-toggle=\"collapse\" data-bs-target=\"#collapse211\" aria-expanded=\"false\" aria-controls=\"collapse211\">\r\n        <span class=\"text\">Is my technology allowed on tech?<\/span>\r\n        <span class=\"accordion-controls-icon\"><i class=\"fas fa-chevron-down\"><\/i><\/span>\r\n      <\/h5>\r\n    <\/div>\r\n    <div id=\"collapse211\" class=\"collapse \" aria-labelledby=\"heading211\" data-bs-parent=\"#accordion-holder-448714\">\r\n      <div class=\"card-body\">\r\n        Sed rhoncus facilisis purus, at accumsan purus sagittis vitae. Nullam acelit at eros imperdiet. Pellentesque sit survived not only five centuries      <\/div>\r\n    <\/div>\r\n  <\/div>\r\n\r\n  <div class=\"card active\">\r\n    <div class=\"card-header p-0\" id=\"heading212\">\r\n      <h5 class=\"title \" data-bs-toggle=\"collapse\" data-bs-target=\"#collapse212\" aria-expanded=\"true\" aria-controls=\"collapse212\">\r\n        <span class=\"text\">Is my technology allowed on tech?<\/span>\r\n        <span class=\"accordion-controls-icon\"><i class=\"fas fa-chevron-down\"><\/i><\/span>\r\n      <\/h5>\r\n    <\/div>\r\n    <div id=\"collapse212\" class=\"collapse show\" aria-labelledby=\"heading212\" data-bs-parent=\"#accordion-holder-448714\">\r\n      <div class=\"card-body\">\r\n        Sed rhoncus facilisis purus, at accumsan purus sagittis vitae. Nullam acelit at eros imperdiet. Pellentesque sit survived not only five centuries      <\/div>\r\n    <\/div>\r\n  <\/div>\r\n\r\n  <div class=\"card \">\r\n    <div class=\"card-header p-0\" id=\"heading213\">\r\n      <h5 class=\"title collapsed\" data-bs-toggle=\"collapse\" data-bs-target=\"#collapse213\" aria-expanded=\"false\" aria-controls=\"collapse213\">\r\n        <span class=\"text\">How can i find my solutions?<\/span>\r\n        <span class=\"accordion-controls-icon\"><i class=\"fas fa-chevron-down\"><\/i><\/span>\r\n      <\/h5>\r\n    <\/div>\r\n    <div id=\"collapse213\" class=\"collapse \" aria-labelledby=\"heading213\" data-bs-parent=\"#accordion-holder-448714\">\r\n      <div class=\"card-body\">\r\n        Sed rhoncus facilisis purus, at accumsan purus sagittis vitae. Nullam acelit at eros imperdiet. Pellentesque sit survived not only five centuries      <\/div>\r\n    <\/div>\r\n  <\/div>\r\n\t\t<\/div>\r\n\t\t\t<\/div>\n\t\t\t\t<\/div>\n\t\t\t\t\t<\/div>\n\t\t<\/div>\n\t\t\t\t\t<\/div>\n\t\t<\/section>\n\t\t\t\t<\/div>\n\t\t","protected":false},"excerpt":{"rendered":"<p>Creative Design Marketing Startegy Web Development SEO Optimization It &#038; Technology Product Design Looking for Top Digital service? Call anytime&#8230;<\/p>\n","protected":false},"author":1,"featured_media":0,"parent":0,"menu_order":0,"comment_status":"closed","ping_status":"closed","template":"","meta":{"om_disable_all_campaigns":false,"_monsterinsights_skip_tracking":false,"_monsterinsights_sitenote_active":false,"_monsterinsights_sitenote_note":"","_monsterinsights_sitenote_category":0,"_uf_show_specific_survey":0,"_uf_disable_surveys":false,"footnotes":""},"class_list":["post-57214","page","type-page","status-publish","hentry"],"aioseo_notices":[],"_links":{"self":[{"href":"https:\/\/ayctechnologies.com\/index.php\/wp-json\/wp\/v2\/pages\/57214","targetHints":{"allow":["GET"]}}],"collection":[{"href":"https:\/\/ayctechnologies.com\/index.php\/wp-json\/wp\/v2\/pages"}],"about":[{"href":"https:\/\/ayctechnologies.com\/index.php\/wp-json\/wp\/v2\/types\/page"}],"author":[{"embeddable":true,"href":"https:\/\/ayctechnologies.com\/index.php\/wp-json\/wp\/v2\/users\/1"}],"replies":[{"embeddable":true,"href":"https:\/\/ayctechnologies.com\/index.php\/wp-json\/wp\/v2\/comments?post=57214"}],"version-history":[{"count":16,"href":"https:\/\/ayctechnologies.com\/index.php\/wp-json\/wp\/v2\/pages\/57214\/revisions"}],"predecessor-version":[{"id":72620,"href":"https:\/\/ayctechnologies.com\/index.php\/wp-json\/wp\/v2\/pages\/57214\/revisions\/72620"}],"wp:attachment":[{"href":"https:\/\/ayctechnologies.com\/index.php\/wp-json\/wp\/v2\/media?parent=57214"}],"curies":[{"name":"wp","href":"https:\/\/api.w.org\/{rel}","templated":true}]}}