{"id":72674,"date":"2023-09-11T17:25:24","date_gmt":"2023-09-11T22:25:24","guid":{"rendered":"https:\/\/actechnologies.spaathomearuba.com\/?page_id=72674"},"modified":"2023-09-11T19:16:09","modified_gmt":"2023-09-12T00:16:09","slug":"bayspec-oci-f-series","status":"publish","type":"page","link":"https:\/\/ayctechnologies.com\/index.php\/bayspec-oci-f-series\/","title":{"rendered":"BaySpec OCI-F Series"},"content":{"rendered":"\t\t<div data-elementor-type=\"wp-page\" data-elementor-id=\"72674\" class=\"elementor elementor-72674\">\n\t\t\t\t\t\t<section class=\"elementor-section elementor-top-section elementor-element elementor-element-37da7cd elementor-section-stretched elementor-section-boxed elementor-section-height-default elementor-section-height-default tm-col-stretched-none tm-bg-color-over-image\" data-id=\"37da7cd\" data-element_type=\"section\" data-settings=\"{&quot;stretch_section&quot;:&quot;section-stretched&quot;}\">\n\t\t\t\t\t\t<div class=\"elementor-container elementor-column-gap-extended\">\n\t\t\t\t\t<div class=\"elementor-column elementor-col-33 elementor-top-column elementor-element elementor-element-09d156d tm-bg-color-over-image\" data-id=\"09d156d\" data-element_type=\"column\">\n\t\t\t<div class=\"elementor-widget-wrap elementor-element-populated\">\n\t\t\t\t\t\t<section class=\"elementor-section elementor-inner-section elementor-element elementor-element-21fbc91 elementor-section-boxed elementor-section-height-default elementor-section-height-default tm-col-stretched-none tm-bg-color-over-image\" data-id=\"21fbc91\" data-element_type=\"section\">\n\t\t\t\t\t\t<div class=\"elementor-container elementor-column-gap-no\">\n\t\t\t\t\t<div class=\"elementor-column elementor-col-100 elementor-inner-column elementor-element elementor-element-0f066c0 tm-bg-color-over-image\" data-id=\"0f066c0\" data-element_type=\"column\">\n\t\t\t<div class=\"elementor-widget-wrap elementor-element-populated\">\n\t\t\t\t\t\t<div class=\"elementor-element elementor-element-7c16cca elementor-widget elementor-widget-tm-ele-navigation-menu\" data-id=\"7c16cca\" data-element_type=\"widget\" data-widget_type=\"tm-ele-navigation-menu.default\">\n\t\t\t\t<div class=\"elementor-widget-container\">\n\t\t\t<div class=\"tm-sc-simple-nav-menu\"><ul id=\"menu-service-menu\" class=\"\"><li id=\"menu-item-66453\" class=\"menu-item menu-item-type-custom menu-item-object-custom menu-item-66453\"><a href=\"#\"><i class=\"tm-nav-arrow-icon fas fa-arrow-right\"><\/i>Creative Design<\/a><\/li>\n<li id=\"menu-item-66454\" class=\"menu-item menu-item-type-custom menu-item-object-custom menu-item-66454\"><a href=\"#\"><i class=\"tm-nav-arrow-icon fas fa-arrow-right\"><\/i>Marketing Startegy<\/a><\/li>\n<li id=\"menu-item-66455\" class=\"menu-item menu-item-type-custom menu-item-object-custom menu-item-66455\"><a href=\"#\"><i class=\"tm-nav-arrow-icon fas fa-arrow-right\"><\/i>Web Development<\/a><\/li>\n<li id=\"menu-item-66456\" class=\"menu-item menu-item-type-custom menu-item-object-custom menu-item-66456\"><a href=\"#\"><i class=\"tm-nav-arrow-icon fas fa-arrow-right\"><\/i>SEO Optimization<\/a><\/li>\n<li id=\"menu-item-66459\" class=\"menu-item menu-item-type-custom menu-item-object-custom menu-item-66459\"><a href=\"#\"><i class=\"tm-nav-arrow-icon fas fa-arrow-right\"><\/i>It &#038; Technology<\/a><\/li>\n<li id=\"menu-item-66460\" class=\"menu-item menu-item-type-custom menu-item-object-custom menu-item-66460\"><a href=\"#\"><i class=\"tm-nav-arrow-icon fas fa-arrow-right\"><\/i>Product Design<\/a><\/li>\n<\/ul><\/div>\t\t<\/div>\n\t\t\t\t<\/div>\n\t\t\t\t\t<\/div>\n\t\t<\/div>\n\t\t\t\t\t<\/div>\n\t\t<\/section>\n\t\t\t\t<section class=\"elementor-section elementor-inner-section elementor-element elementor-element-a3c4cd5 elementor-section-boxed elementor-section-height-default elementor-section-height-default tm-col-stretched-none tm-bg-color-over-image\" data-id=\"a3c4cd5\" data-element_type=\"section\" data-settings=\"{&quot;background_background&quot;:&quot;classic&quot;}\">\n\t\t\t\t\t\t\t<div class=\"elementor-background-overlay\"><\/div>\n\t\t\t\t\t\t\t<div class=\"elementor-container elementor-column-gap-default\">\n\t\t\t\t\t<div class=\"elementor-column elementor-col-100 elementor-inner-column elementor-element elementor-element-3506885 tm-bg-color-over-image\" data-id=\"3506885\" data-element_type=\"column\">\n\t\t\t<div class=\"elementor-widget-wrap elementor-element-populated\">\n\t\t\t\t\t\t<div class=\"elementor-element elementor-element-053d992 elementor-widget elementor-widget-tm-ele-iconbox\" data-id=\"053d992\" data-element_type=\"widget\" data-widget_type=\"tm-ele-iconbox.default\">\n\t\t\t\t<div class=\"elementor-widget-container\">\n\t\t\t<div class=\"tm-sc-icon-box icon-box icon-top tm-iconbox-icontype-font-icon icon-position-icon-top animate-icon-on-hover animate-icon-rotate-y\" >\r\n\t\r\n  \t<div class=\"icon-box-wrapper\">\r\n\t\t\r\n\t\t<div class=\"icon-wrapper\">\r\n\t\t<a class=\"icon icon-type-font-icon icon-sm icon-gray icon-circled\"\r\n\r\n\t\t\t\t\t\t\t\t>\r\n\t\t\t<i aria-hidden=\"true\" class=\" flaticon-common-call\"><\/i>\t\t<\/a>\r\n\r\n\t\t\t<\/div>\r\n\t\t\t<div class=\"icon-text\">\r\n\t\t\t\t\t\t\r\n\t\t\t\t\t\t\t\t\t\t\t\r\n\t\t\t\r\n\t\r\n\t\t\t\t\t<\/div>\r\n\t\t<div class=\"clearfix\"><\/div>\r\n\t<\/div>\r\n<\/div>\t\t<\/div>\n\t\t\t\t<\/div>\n\t\t\t\t<div class=\"elementor-element elementor-element-8276956 elementor-widget elementor-widget-heading\" data-id=\"8276956\" data-element_type=\"widget\" data-widget_type=\"heading.default\">\n\t\t\t\t<div class=\"elementor-widget-container\">\n\t\t\t<style>\/*! elementor - v3.20.0 - 20-03-2024 *\/\n.elementor-heading-title{padding:0;margin:0;line-height:1}.elementor-widget-heading .elementor-heading-title[class*=elementor-size-]>a{color:inherit;font-size:inherit;line-height:inherit}.elementor-widget-heading .elementor-heading-title.elementor-size-small{font-size:15px}.elementor-widget-heading .elementor-heading-title.elementor-size-medium{font-size:19px}.elementor-widget-heading .elementor-heading-title.elementor-size-large{font-size:29px}.elementor-widget-heading .elementor-heading-title.elementor-size-xl{font-size:39px}.elementor-widget-heading .elementor-heading-title.elementor-size-xxl{font-size:59px}<\/style><h3 class=\"elementor-heading-title elementor-size-default\">Looking for\nTop Digital\nservice?<\/h3>\t\t<\/div>\n\t\t\t\t<\/div>\n\t\t\t\t<div class=\"elementor-element elementor-element-5cf167b horizontal-line-align-left vertical-line-align-bottom square-box-align-center elementor-widget elementor-widget-tm-ele-section-title\" data-id=\"5cf167b\" data-element_type=\"widget\" data-widget_type=\"tm-ele-section-title.default\">\n\t\t\t\t<div class=\"elementor-widget-container\">\n\t\t\t<div class=\"tm-sc-section-title section-title \">\r\n\t<div class=\"title-wrapper\">\r\n\t\t\t\t\t\t<p class=\"subtitle \">\r\n\r\n\t\t\r\n\t\tCall anytime\t<\/p>\r\n\t\t\t\t<h5 class=\"title \">\r\n\r\n\t\t\r\n\t\t\t\t<span class=\"title-part1 \">+92 (8800) 3680<\/span>\r\n\t\t\t\t\r\n\t\t\r\n\t<\/h5>\r\n\t<div class=\"title-seperator-line\"><\/div>\t\t\t\t\t\t<\/div>\r\n<\/div>\t\t<\/div>\n\t\t\t\t<\/div>\n\t\t\t\t\t<\/div>\n\t\t<\/div>\n\t\t\t\t\t<\/div>\n\t\t<\/section>\n\t\t\t\t\t<\/div>\n\t\t<\/div>\n\t\t\t\t<div class=\"elementor-column elementor-col-66 elementor-top-column elementor-element elementor-element-bd37feb tm-bg-color-over-image\" data-id=\"bd37feb\" data-element_type=\"column\">\n\t\t\t<div class=\"elementor-widget-wrap elementor-element-populated\">\n\t\t\t\t\t\t<div class=\"elementor-element elementor-element-21c87a4 elementor-widget elementor-widget-image\" data-id=\"21c87a4\" data-element_type=\"widget\" data-widget_type=\"image.default\">\n\t\t\t\t<div class=\"elementor-widget-container\">\n\t\t\t<style>\/*! elementor - v3.20.0 - 20-03-2024 *\/\n.elementor-widget-image{text-align:center}.elementor-widget-image a{display:inline-block}.elementor-widget-image a img[src$=\".svg\"]{width:48px}.elementor-widget-image img{vertical-align:middle;display:inline-block}<\/style>\t\t\t\t\t\t\t\t\t\t<img decoding=\"async\" src=\"https:\/\/ayctechnologies.com\/wp-content\/uploads\/2023\/09\/OCI\u2010F-hyperspectral-camera_banner.jpg\" title=\"OCI\u2010F hyperspectral camera_banner\" alt=\"OCI\u2010F hyperspectral camera_banner\" loading=\"lazy\" \/>\t\t\t\t\t\t\t\t\t\t\t\t\t<\/div>\n\t\t\t\t<\/div>\n\t\t\t\t<div class=\"elementor-element elementor-element-4cb3cba elementor-widget elementor-widget-tm-ele-text-editor\" data-id=\"4cb3cba\" data-element_type=\"widget\" data-widget_type=\"tm-ele-text-editor.default\">\n\t\t\t\t<div class=\"elementor-widget-container\">\n\t\t\t\t\t<div class=\"tm-text-editor\">\r\n\t\t<h3>BaySpec's OCI\u2122-F, an ultra-compact, easy push-broom hyperspectral imager covering VIS-NIR\/SWIR!<\/h3>\t\t<\/div>\r\n\t\t\t<\/div>\n\t\t\t\t<\/div>\n\t\t\t\t<div class=\"elementor-element elementor-element-52e40c7 elementor-widget elementor-widget-tm-ele-text-editor\" data-id=\"52e40c7\" data-element_type=\"widget\" data-widget_type=\"tm-ele-text-editor.default\">\n\t\t\t\t<div class=\"elementor-widget-container\">\n\t\t\t\t\t<div class=\"tm-text-editor\">\r\n\t\t<p>Las c\u00e1maras de im\u00e1genes hiperespectrales de la serie OCI\u2122-F cubren el rango espectral desde el visible, el infrarrojo cercano hasta el infrarrojo de onda corta (VIS \u2013 NIR \u2013 SWIR). Se caracterizan por ser ultracompactos, livianos y con velocidades de transferencia de datos ultrarr\u00e1pidas. De esta manera, las c\u00e1maras de im\u00e1genes hiperespectrales de la serie OCI-F ofrecen versatilidad en varias plataformas con una uni\u00f3n perfecta de im\u00e1genes hiperespectrales. Como innovadoras c\u00e1maras de barrido con captura y procesamiento autom\u00e1tico de datos, pueden moverse para escanear a varias velocidades de escaneo. Estos generadores de im\u00e1genes ofrecen un sistema \u00f3ptico con correcci\u00f3n de aberraciones con alto rendimiento \u00f3ptico, la calidad de los datos, la sensibilidad y la resoluci\u00f3n son verdaderamente de \u00faltima generaci\u00f3n.<\/p>\t\t<\/div>\r\n\t\t\t<\/div>\n\t\t\t\t<\/div>\n\t\t\t\t<div class=\"elementor-element elementor-element-bcb8fb4 elementor-widget elementor-widget-tm-ele-iconbox\" data-id=\"bcb8fb4\" data-element_type=\"widget\" data-widget_type=\"tm-ele-iconbox.default\">\n\t\t\t\t<div class=\"elementor-widget-container\">\n\t\t\t<div class=\"tm-sc-icon-box icon-box icon-top tm-iconbox-icontype-no-icon icon-position-icon-top animate-icon-on-hover animate-icon-rotate-y\" >\r\n\t\r\n  \t<div class=\"icon-box-wrapper\">\r\n\t\t\r\n\t\t\t<div class=\"icon-text\">\r\n\t\t\t\t\t\t\r\n\t\t\t\t<p class=\"icon-box-title \">\r\n\t\t\t\t\t\t\tOCI\u2122 - Serie F VIS \u2013 NIR \u2013 SWIR Generadores de im\u00e1genes hiperespectrales\t\t\t\t\t<\/p>\r\n\t\t\t\t\t\t\t\t\t\t\t\r\n\t\t\t\r\n\t\r\n\t\t\t\t\t<\/div>\r\n\t\t<div class=\"clearfix\"><\/div>\r\n\t<\/div>\r\n<\/div>\t\t<\/div>\n\t\t\t\t<\/div>\n\t\t\t\t<div class=\"elementor-element elementor-element-782d692 elementor-widget elementor-widget-tm-ele-text-editor\" data-id=\"782d692\" data-element_type=\"widget\" data-widget_type=\"tm-ele-text-editor.default\">\n\t\t\t\t<div class=\"elementor-widget-container\">\n\t\t\t\t\t<div class=\"tm-text-editor\">\r\n\t\t<p><span>BaySpec ofrece varios modelos de generadores de im\u00e1genes hiperespectrales de la serie OCI\u2122-F que satisfacen sus demandas deseadas, desde rangos espectrales, n\u00famero de canales espectrales, resoluciones espectrales hasta p\u00edxeles espaciales.\u00a0<\/span><span>El elegante dise\u00f1o y fabricaci\u00f3n completamente integrados en nuestras instalaciones de producci\u00f3n certificadas de calidad con control de calidad de clase mundial para ofrecer alta precisi\u00f3n, excelente relaci\u00f3n se\u00f1al-ruido, excelente resoluci\u00f3n espectral y espacial y excelente calidad de imagen.\u00a0<\/span><span>Con el software de operaci\u00f3n gratuito, las c\u00e1maras de im\u00e1genes hiperespectrales de la serie OCI\u2122 - F son autom\u00e1ticas y tienen una m\u00ednima intervenci\u00f3n humana.<\/span><\/p>\t\t<\/div>\r\n\t\t\t<\/div>\n\t\t\t\t<\/div>\n\t\t\t\t<div class=\"elementor-element elementor-element-5879376 elementor-widget elementor-widget-tm-ele-text-editor\" data-id=\"5879376\" data-element_type=\"widget\" data-widget_type=\"tm-ele-text-editor.default\">\n\t\t\t\t<div class=\"elementor-widget-container\">\n\t\t\t\t\t<div class=\"tm-text-editor\">\r\n\t\t<p><span>Las c\u00e1maras de im\u00e1genes hiperespectrales de la serie OCI\u2122-F est\u00e1n ideales para varios veh\u00edculos\/sistemas a\u00e9reos no tripulados (UAV\/UAS) y veh\u00edculos operados remotamente (ROV).\u00a0<\/span><span>BaySpec tambi\u00e9n ofrece soluciones hiperespectrales listas para volar.\u00a0<\/span><span>Su extrema compacidad con un rendimiento sin concesiones, funcionamiento autom\u00e1tico y procesamiento de datos hacen del OCI-UAV un sistema sencillo para aplicaciones como agricultura de precisi\u00f3n, oceanograf\u00eda, estudios geol\u00f3gicos, teledetecci\u00f3n, seguridad\/defensa y lucha contra la falsificaci\u00f3n.<\/span><\/p>\t\t<\/div>\r\n\t\t\t<\/div>\n\t\t\t\t<\/div>\n\t\t\t\t<section class=\"elementor-section elementor-inner-section elementor-element elementor-element-a846c8d elementor-section-boxed elementor-section-height-default elementor-section-height-default tm-col-stretched-none tm-bg-color-over-image\" data-id=\"a846c8d\" data-element_type=\"section\">\n\t\t\t\t\t\t<div class=\"elementor-container elementor-column-gap-extended\">\n\t\t\t\t\t<div class=\"elementor-column elementor-col-50 elementor-inner-column elementor-element elementor-element-07377ba tm-bg-color-over-image\" data-id=\"07377ba\" data-element_type=\"column\">\n\t\t\t<div class=\"elementor-widget-wrap elementor-element-populated\">\n\t\t\t\t\t\t<div class=\"elementor-element elementor-element-4d34f4e elementor-widget elementor-widget-image\" data-id=\"4d34f4e\" data-element_type=\"widget\" data-widget_type=\"image.default\">\n\t\t\t\t<div class=\"elementor-widget-container\">\n\t\t\t\t\t\t\t\t\t\t\t\t\t<img fetchpriority=\"high\" decoding=\"async\" width=\"600\" height=\"600\" src=\"https:\/\/ayctechnologies.com\/wp-content\/uploads\/2023\/09\/OCI\u2010F-hyperspectral-camera_1.jpg\" class=\"attachment-medium_large size-medium_large wp-image-72679\" alt=\"\" srcset=\"https:\/\/ayctechnologies.com\/wp-content\/uploads\/2023\/09\/OCI\u2010F-hyperspectral-camera_1.jpg 600w, https:\/\/ayctechnologies.com\/wp-content\/uploads\/2023\/09\/OCI\u2010F-hyperspectral-camera_1-300x300.jpg 300w, https:\/\/ayctechnologies.com\/wp-content\/uploads\/2023\/09\/OCI\u2010F-hyperspectral-camera_1-150x150.jpg 150w, https:\/\/ayctechnologies.com\/wp-content\/uploads\/2023\/09\/OCI\u2010F-hyperspectral-camera_1-550x550.jpg 550w, https:\/\/ayctechnologies.com\/wp-content\/uploads\/2023\/09\/OCI\u2010F-hyperspectral-camera_1-100x100.jpg 100w\" sizes=\"(max-width: 600px) 100vw, 600px\" \/>\t\t\t\t\t\t\t\t\t\t\t\t\t<\/div>\n\t\t\t\t<\/div>\n\t\t\t\t\t<\/div>\n\t\t<\/div>\n\t\t\t\t<div class=\"elementor-column elementor-col-50 elementor-inner-column elementor-element elementor-element-f6a2ac4 tm-bg-color-over-image\" data-id=\"f6a2ac4\" data-element_type=\"column\">\n\t\t\t<div class=\"elementor-widget-wrap elementor-element-populated\">\n\t\t\t\t\t\t<div class=\"elementor-element elementor-element-5d31b53 elementor-widget elementor-widget-tm-ele-text-editor\" data-id=\"5d31b53\" data-element_type=\"widget\" data-widget_type=\"tm-ele-text-editor.default\">\n\t\t\t\t<div class=\"elementor-widget-container\">\n\t\t\t\t\t<div class=\"tm-text-editor\">\r\n\t\t<h3>Caracter\u00edsticas principal<\/h3>\t\t<\/div>\r\n\t\t\t<\/div>\n\t\t\t\t<\/div>\n\t\t\t\t<div class=\"elementor-element elementor-element-9a193f3 elementor-widget__width-initial elementor-widget elementor-widget-tm-ele-list\" data-id=\"9a193f3\" data-element_type=\"widget\" data-widget_type=\"tm-ele-list.default\">\n\t\t\t\t<div class=\"elementor-widget-container\">\n\t\t\t<ul class=\"tm-sc-list \">\r\n\t<li class=\"\">\r\n\t\t\t\t<i aria-hidden=\"true\" class=\"fas fa-check-circle\"><\/i>\t\t\t\t<span>\r\n\tCobertura VIS - NIR y SWIR<\/span><\/li>\t<li class=\"\">\r\n\t\t\t\t<i aria-hidden=\"true\" class=\"fas fa-check-circle\"><\/i>\t\t\t\t<span>\r\n\tExtremadamente compacto y ligero<\/span><\/li>\t<li class=\"\">\r\n\t\t\t\t<i aria-hidden=\"true\" class=\"fas fa-check-circle\"><\/i>\t\t\t\t<span>\r\n\tEscaneo con escoba y velocidad aleatoria<\/span><\/li>\t<li class=\"\">\r\n\t\t\t\t<i aria-hidden=\"true\" class=\"fas fa-check-circle\"><\/i>\t\t\t\t<span>\r\n\tElimina el costoso posprocesamiento de ortorectificaci\u00f3n GPS\/INS<\/span><\/li>\t<li class=\"\">\r\n\t\t\t\t<i aria-hidden=\"true\" class=\"fas fa-check-circle\"><\/i>\t\t\t\t<span>\r\n\tF\u00e1cil integraci\u00f3n en una variedad de plataformas<\/span><\/li><\/ul>\t\t<\/div>\n\t\t\t\t<\/div>\n\t\t\t\t\t<\/div>\n\t\t<\/div>\n\t\t\t\t\t<\/div>\n\t\t<\/section>\n\t\t\t\t<div class=\"elementor-element elementor-element-570ff52 elementor-widget elementor-widget-tm-ele-accordion\" data-id=\"570ff52\" data-element_type=\"widget\" data-widget_type=\"tm-ele-accordion.skin-classic\">\n\t\t\t\t<div class=\"elementor-widget-container\">\n\t\t\t\t\t<div id=\"accordion-holder-893746\" class=\"tm-accordion icon-round-border skin-classic\">\r\n\t\r\n  <div class=\"card \">\r\n    <div class=\"card-header p-0\" id=\"heading861\">\r\n      <h5 class=\"title collapsed\" data-bs-toggle=\"collapse\" data-bs-target=\"#collapse861\" aria-expanded=\"false\" aria-controls=\"collapse861\">\r\n        <span class=\"text\">Is my technology allowed on tech?<\/span>\r\n        <span class=\"accordion-controls-icon\"><i class=\"fas fa-chevron-down\"><\/i><\/span>\r\n      <\/h5>\r\n    <\/div>\r\n    <div id=\"collapse861\" class=\"collapse \" aria-labelledby=\"heading861\" data-bs-parent=\"#accordion-holder-893746\">\r\n      <div class=\"card-body\">\r\n        Sed rhoncus facilisis purus, at accumsan purus sagittis vitae. Nullam acelit at eros imperdiet. Pellentesque sit survived not only five centuries      <\/div>\r\n    <\/div>\r\n  <\/div>\r\n\r\n  <div class=\"card active\">\r\n    <div class=\"card-header p-0\" id=\"heading862\">\r\n      <h5 class=\"title \" data-bs-toggle=\"collapse\" data-bs-target=\"#collapse862\" aria-expanded=\"true\" aria-controls=\"collapse862\">\r\n        <span class=\"text\">Is my technology allowed on tech?<\/span>\r\n        <span class=\"accordion-controls-icon\"><i class=\"fas fa-chevron-down\"><\/i><\/span>\r\n      <\/h5>\r\n    <\/div>\r\n    <div id=\"collapse862\" class=\"collapse show\" aria-labelledby=\"heading862\" data-bs-parent=\"#accordion-holder-893746\">\r\n      <div class=\"card-body\">\r\n        Sed rhoncus facilisis purus, at accumsan purus sagittis vitae. Nullam acelit at eros imperdiet. Pellentesque sit survived not only five centuries      <\/div>\r\n    <\/div>\r\n  <\/div>\r\n\r\n  <div class=\"card \">\r\n    <div class=\"card-header p-0\" id=\"heading863\">\r\n      <h5 class=\"title collapsed\" data-bs-toggle=\"collapse\" data-bs-target=\"#collapse863\" aria-expanded=\"false\" aria-controls=\"collapse863\">\r\n        <span class=\"text\">How can i find my solutions?<\/span>\r\n        <span class=\"accordion-controls-icon\"><i class=\"fas fa-chevron-down\"><\/i><\/span>\r\n      <\/h5>\r\n    <\/div>\r\n    <div id=\"collapse863\" class=\"collapse \" aria-labelledby=\"heading863\" data-bs-parent=\"#accordion-holder-893746\">\r\n      <div class=\"card-body\">\r\n        Sed rhoncus facilisis purus, at accumsan purus sagittis vitae. Nullam acelit at eros imperdiet. Pellentesque sit survived not only five centuries      <\/div>\r\n    <\/div>\r\n  <\/div>\r\n\t\t<\/div>\r\n\t\t\t<\/div>\n\t\t\t\t<\/div>\n\t\t\t\t\t<\/div>\n\t\t<\/div>\n\t\t\t\t\t<\/div>\n\t\t<\/section>\n\t\t\t\t<\/div>\n\t\t","protected":false},"excerpt":{"rendered":"<p>Creative Design Marketing Startegy Web Development SEO Optimization It &#038; Technology Product Design Looking for Top Digital service? Call anytime&#8230;<\/p>\n","protected":false},"author":1,"featured_media":0,"parent":0,"menu_order":0,"comment_status":"closed","ping_status":"closed","template":"","meta":{"om_disable_all_campaigns":false,"_monsterinsights_skip_tracking":false,"_monsterinsights_sitenote_active":false,"_monsterinsights_sitenote_note":"","_monsterinsights_sitenote_category":0,"_uf_show_specific_survey":0,"_uf_disable_surveys":false,"footnotes":""},"class_list":["post-72674","page","type-page","status-publish","hentry"],"aioseo_notices":[],"_links":{"self":[{"href":"https:\/\/ayctechnologies.com\/index.php\/wp-json\/wp\/v2\/pages\/72674","targetHints":{"allow":["GET"]}}],"collection":[{"href":"https:\/\/ayctechnologies.com\/index.php\/wp-json\/wp\/v2\/pages"}],"about":[{"href":"https:\/\/ayctechnologies.com\/index.php\/wp-json\/wp\/v2\/types\/page"}],"author":[{"embeddable":true,"href":"https:\/\/ayctechnologies.com\/index.php\/wp-json\/wp\/v2\/users\/1"}],"replies":[{"embeddable":true,"href":"https:\/\/ayctechnologies.com\/index.php\/wp-json\/wp\/v2\/comments?post=72674"}],"version-history":[{"count":5,"href":"https:\/\/ayctechnologies.com\/index.php\/wp-json\/wp\/v2\/pages\/72674\/revisions"}],"predecessor-version":[{"id":72683,"href":"https:\/\/ayctechnologies.com\/index.php\/wp-json\/wp\/v2\/pages\/72674\/revisions\/72683"}],"wp:attachment":[{"href":"https:\/\/ayctechnologies.com\/index.php\/wp-json\/wp\/v2\/media?parent=72674"}],"curies":[{"name":"wp","href":"https:\/\/api.w.org\/{rel}","templated":true}]}}