{"id":62243,"date":"2023-06-15T10:53:31","date_gmt":"2023-06-15T10:53:31","guid":{"rendered":"https:\/\/kodesolution.com\/2023\/pixlab\/?post_type=product&#038;p=62243"},"modified":"2024-03-27T18:27:00","modified_gmt":"2024-03-27T23:27:00","slug":"goldeneye","status":"publish","type":"product","link":"https:\/\/ayctechnologies.com\/index.php\/product\/goldeneye\/","title":{"rendered":"GoldenEye"},"content":{"rendered":"\t\t<div data-elementor-type=\"wp-post\" data-elementor-id=\"72775\" class=\"elementor elementor-72775\">\n\t\t\t\t\t\t<section data-tm-equal-height-col=\".elementor-widget-wrap .elementor-widget &gt; .elementor-widget-container\" class=\"elementor-section elementor-top-section elementor-element elementor-element-5910da3 elementor-section-stretched elementor-section-boxed elementor-section-height-default elementor-section-height-default tm-col-stretched-none tm-bg-color-over-image\" data-id=\"5910da3\" data-element_type=\"section\" data-settings=\"{&quot;stretch_section&quot;:&quot;section-stretched&quot;}\">\n\t\t\t\t\t\t<div class=\"elementor-container elementor-column-gap-default\">\n\t\t\t\t\t<div class=\"elementor-column elementor-col-33 elementor-top-column elementor-element elementor-element-d7dc042 tm-bg-color-over-image\" data-id=\"d7dc042\" data-element_type=\"column\">\n\t\t\t<div class=\"elementor-widget-wrap elementor-element-populated\">\n\t\t\t\t\t\t<div class=\"elementor-element elementor-element-78a109e elementor-widget elementor-widget-tm-ele-animated-layers\" data-id=\"78a109e\" data-element_type=\"widget\" data-widget_type=\"tm-ele-animated-layers.default\">\n\t\t\t\t<div class=\"elementor-widget-container\">\n\t\t\t\t\t<div class=\"tm-sc-animated-layer-advanced \">\r\n\t\t\t<div class=\"animated-layer-advanced-inner clearfix\">\r\n\t\r\n<div class=\"layer-image-wrapper layer-image  layer-image-fullwidth elementor-repeater-item-bb64f9e\" style=\"\">\r\n\t<div class=\"layer-inner layer-image  \">\r\n\t\t<div class=\"layer-image-inner-wrapper image-hover-effect-shine\">\r\n\t\t\t<img fetchpriority=\"high\" decoding=\"async\" class=\"\" src=\"https:\/\/ayctechnologies.com\/wp-content\/uploads\/2023\/11\/dron.jpg\" width=\"540\" height=\"720\" alt=\"Image\">\r\n\t\t<\/div>\r\n\t<\/div>\r\n<\/div>\r\n\r\n<div class=\"layer-image-wrapper layer-image  layer-image-fullwidth elementor-repeater-item-5f1349d\" style=\"\">\r\n\t<div class=\"layer-inner layer-image  \">\r\n\t\t<div class=\"layer-image-inner-wrapper image-hover-effect-shine\">\r\n\t\t\t<img decoding=\"async\" class=\"\" src=\"https:\/\/ayctechnologies.com\/wp-content\/uploads\/2023\/08\/banner_2_1.jpg\" width=\"600\" height=\"400\" alt=\"Image\">\r\n\t\t<\/div>\r\n\t<\/div>\r\n<\/div>\r\n<div class=\"layer-image-wrapper  layer-blank  elementor-repeater-item-b1e00fa\" style=\"\">\r\n\t<div class=\"layer-inner\">\r\n\t<\/div>\r\n<\/div>\r\n\r\n<div class=\"layer-image-wrapper layer-image  layer-image-fullwidth elementor-repeater-item-c13e0a0\" style=\"\">\r\n\t<div class=\"layer-inner layer-image  tm-animation-floating\">\r\n\t\t<div class=\"layer-image-inner-wrapper image-hover-effect-shine\">\r\n\t\t\t<img decoding=\"async\" class=\"\" src=\"https:\/\/ayctechnologies.com\/wp-content\/uploads\/2023\/07\/dots.png\" width=\"81\" height=\"377\" alt=\"Image\">\r\n\t\t<\/div>\r\n\t<\/div>\r\n<\/div>\r\n\t\t\t<\/div>\r\n\t\t\t<div class=\"clearfix\"><\/div>\r\n\t\t<\/div>\r\n\t\t\t<\/div>\n\t\t\t\t<\/div>\n\t\t\t\t<div class=\"elementor-element elementor-element-4674b1f elementor-button-info elementor-align-center elementor-widget elementor-widget-button\" data-id=\"4674b1f\" data-element_type=\"widget\" data-widget_type=\"button.default\">\n\t\t\t\t<div class=\"elementor-widget-container\">\n\t\t\t\t\t<div class=\"elementor-button-wrapper\">\n\t\t\t<a class=\"elementor-button elementor-button-link elementor-size-lg\" href=\"https:\/\/ayctechnologies.com\/wp-content\/uploads\/2023\/11\/Goldeneye_Snapshot_Hyperspectral_Imager_BaySpec_flyer.pdf\" target=\"_blank\">\n\t\t\t\t\t\t<span class=\"elementor-button-content-wrapper\">\n\t\t\t\t\t\t<span class=\"elementor-button-icon elementor-align-icon-left\">\n\t\t\t\t<i aria-hidden=\"true\" class=\"fas fa-info-circle\"><\/i>\t\t\t<\/span>\n\t\t\t\t\t\t<span class=\"elementor-button-text\">Descargar Hoja de Especificaciones<\/span>\n\t\t<\/span>\n\t\t\t\t\t<\/a>\n\t\t<\/div>\n\t\t\t\t<\/div>\n\t\t\t\t<\/div>\n\t\t\t\t<div class=\"elementor-element elementor-element-dd1a0ae elementor-widget__width-initial elementor-absolute elementor-widget-mobile__width-initial elementor-hidden-mobile elementor-widget elementor-widget-tm-ele-funfact-counter\" data-id=\"dd1a0ae\" data-element_type=\"widget\" data-settings=\"{&quot;_position&quot;:&quot;absolute&quot;}\" data-widget_type=\"tm-ele-funfact-counter.default\">\n\t\t\t\t<div class=\"elementor-widget-container\">\n\t\t\t\t<div class=\"tm-sc-funfact funfact-iconleft experience tm-animate-icon-on-hover animate-icon-rotate-y\">\r\n\t\t<div class=\"funfact-inner\">\r\n\t\t\t<div class=\"element-left\">\r\n\t\t\t\t\t\t\t\t<div class=\"funfact-icon\">\r\n<i aria-hidden=\"true\" class=\" flaticon-desix-megaphone\"><\/i><\/div>\t\t\t\t\t\t\t<\/div>\r\n\r\n\t\t\t\r\n\t\t\t<div class=\"details\">\r\n\t\t\t\t\t\t\t\t\t\t\t\t\t\t<h3 class=\"counter \">\r\n\t<span class=\"animate-number\" data-value=\"1100\" data-animation-duration=\"1500\">0<\/span><span class=\"counter-postfix\">+<\/span><\/h3>\r\n\t\t\t\t\t\t\t\t\t\t\r\n\t\t\t\t\t\t\t\t\t\t<div class=\"title-wrapper\">\r\n\r\n<h5 class=\"title \">Rango de Espectro<\/h5>\r\n<\/div>\t\t\t\t\t\t\t\t\t\t\t\t\t\r\n\t\t\t\t\t\t\t<\/div>\r\n\t\t<\/div>\r\n\t<\/div>\t\t<\/div>\n\t\t\t\t<\/div>\n\t\t\t\t\t<\/div>\n\t\t<\/div>\n\t\t\t\t<div class=\"elementor-column elementor-col-33 elementor-top-column elementor-element elementor-element-b591282 tm-bg-color-over-image\" data-id=\"b591282\" data-element_type=\"column\">\n\t\t\t<div class=\"elementor-widget-wrap\">\n\t\t\t\t\t\t\t<\/div>\n\t\t<\/div>\n\t\t\t\t<div class=\"elementor-column elementor-col-33 elementor-top-column elementor-element elementor-element-94cff1f tm-bg-color-over-image\" data-id=\"94cff1f\" data-element_type=\"column\">\n\t\t\t<div class=\"elementor-widget-wrap elementor-element-populated\">\n\t\t\t\t\t\t<div class=\"elementor-element elementor-element-8df7bd5 square-box-current-theme-yes square-box-align-left horizontal-line-align-left vertical-line-align-bottom elementor-widget elementor-widget-tm-ele-section-title\" data-id=\"8df7bd5\" data-element_type=\"widget\" data-widget_type=\"tm-ele-section-title.default\">\n\t\t\t\t<div class=\"elementor-widget-container\">\n\t\t\t<div class=\"tm-sc-section-title section-title \">\r\n\t<div class=\"title-wrapper\">\r\n\t\t\t\t\t\t<h6 class=\"subtitle \">\r\n\r\n\t\t\r\n\t\tC\u00e1mara hiperespectral\t<\/h6>\r\n\t\t\t\t<h2 class=\"title \">\r\n\r\n\t\t\r\n\t\t\t\t<span class=\"title-part1 \">GoldenEyeTM\u00a0 <br>\nThe Ultimate Snapshot Imager\n<\/span>\r\n\t\t\t\t\r\n\t\t\t\t\t<span class=\"elementor-repeater-item-2e0a54e\"><\/span>\r\n\t\t\r\n\t<\/h2>\r\n\t<div class=\"title-seperator-line\"><\/div>\t\t\t\t\t\t<\/div>\r\n<\/div>\t\t<\/div>\n\t\t\t\t<\/div>\n\t\t\t\t<div class=\"elementor-element elementor-element-bca4e34 elementor-widget elementor-widget-tm-ele-text-editor\" data-id=\"bca4e34\" data-element_type=\"widget\" data-widget_type=\"tm-ele-text-editor.default\">\n\t\t\t\t<div class=\"elementor-widget-container\">\n\t\t\t\t\t<div class=\"tm-text-editor\">\r\n\t\t<p><span>Las\u00a0<\/span><strong>c\u00e1maras hiperespectrales<\/strong><span>\u00a0para drones captan informaci\u00f3n \u00fanica en diferentes longitudes de onda de luz. Dicha informaci\u00f3n es de muy alta calidad e imperceptible para el ojo humano y resulta ser de gran utilidad en m\u00faltiples campos de la ciencia.\u00a0<\/span><\/p>\t\t<\/div>\r\n\t\t\t<\/div>\n\t\t\t\t<\/div>\n\t\t\t\t<div class=\"elementor-element elementor-element-7c98289 elementor-widget elementor-widget-tm-ele-iconbox\" data-id=\"7c98289\" data-element_type=\"widget\" data-widget_type=\"tm-ele-iconbox.default\">\n\t\t\t\t<div class=\"elementor-widget-container\">\n\t\t\t<div class=\"tm-sc-icon-box icon-box icon-left tm-iconbox-icontype-font-icon icon-position-icon-left\" >\r\n\t\r\n  \t<div class=\"icon-box-wrapper\">\r\n\t\t\r\n\t\t<div class=\"icon-wrapper\">\r\n\t\t<a class=\"icon icon-type-font-icon icon-md icon-default-bg icon-default\"\r\n\r\n\t\t\t\t\t\t\t\t>\r\n\t\t\t<i aria-hidden=\"true\" class=\"lnr lnr-icon-tachometer-alt\"><\/i>\t\t<\/a>\r\n\r\n\t\t\t\t\t<div class=\"icon-bg-img\">\r\n\t\t\t\t  \t\t\t\t\t\t\t<\/div>\r\n\t\t\t<\/div>\r\n\t\t\t<div class=\"icon-text\">\r\n\t\t\t\t\t\t\r\n\t\t\t\t<h5 class=\"icon-box-title \">\r\n\t\t\t\t\t\t\tIm\u00e1genes Hiperesprectrales\t\t\t\t\t<\/h5>\r\n\t\t\t\t\t<div class=\"content\"><p><span>Una imagen hiperespectral es aquella que se forma con un n\u00famero de bandas espectrales mayor a 20, contiguas una de la otra. Reproduce la imagen de un objeto reflejando la funci\u00f3n de longitud de onda que este emite. De ese modo,\u00a0<\/span><strong>c\u00e1maras hiperespectrales para drones<\/strong><span>\u00a0son capaces de tomar este espectro de onda continuo del objeto.<\/span><\/p><\/div>\r\n\t\t\t\t\t\t\r\n\t\t\t\r\n\t\r\n\t\t\t\t\t<\/div>\r\n\t\t<div class=\"clearfix\"><\/div>\r\n\t<\/div>\r\n<\/div>\t\t<\/div>\n\t\t\t\t<\/div>\n\t\t\t\t<div class=\"elementor-element elementor-element-378097e elementor-widget elementor-widget-tm-ele-iconbox\" data-id=\"378097e\" data-element_type=\"widget\" data-widget_type=\"tm-ele-iconbox.default\">\n\t\t\t\t<div class=\"elementor-widget-container\">\n\t\t\t<div class=\"tm-sc-icon-box icon-box icon-left tm-iconbox-icontype-font-icon icon-position-icon-left\" >\r\n\t\r\n  \t<div class=\"icon-box-wrapper\">\r\n\t\t\r\n\t\t<div class=\"icon-wrapper\">\r\n\t\t<a class=\"icon icon-type-font-icon icon-md icon-default-bg icon-default\"\r\n\r\n\t\t\t\t\t\t\t\t>\r\n\t\t\t<i aria-hidden=\"true\" class=\"lnr lnr-icon-cog\"><\/i>\t\t<\/a>\r\n\r\n\t\t\t\t\t<div class=\"icon-bg-img\">\r\n\t\t\t\t  \t\t\t\t\t\t\t<\/div>\r\n\t\t\t<\/div>\r\n\t\t\t<div class=\"icon-text\">\r\n\t\t\t\t\t\t\r\n\t\t\t\t<h5 class=\"icon-box-title \">\r\n\t\t\t\t\t\t\tGoldenEyeTM Funciones\t\t\t\t\t<\/h5>\r\n\t\t\t\t\t<div class=\"content\"><ol><li>Tecnolog\u00eda patentada FT-PI Generador de im\u00e1genes<\/li><li>SnapShot con operaci\u00f3n de una sola toma<\/li><li>Rango espectral de 400 a 1100 nm<\/li><li>Alta sensibilidad para la medici\u00f3n con poca luz<\/li><\/ol><\/div>\r\n\t\t\t\t\t\t\r\n\t\t\t\r\n\t\r\n\t\t\t\t\t<\/div>\r\n\t\t<div class=\"clearfix\"><\/div>\r\n\t<\/div>\r\n<\/div>\t\t<\/div>\n\t\t\t\t<\/div>\n\t\t\t\t<section class=\"elementor-section elementor-inner-section elementor-element elementor-element-ffd8276 elementor-section-boxed elementor-section-height-default elementor-section-height-default tm-col-stretched-none tm-bg-color-over-image\" data-id=\"ffd8276\" data-element_type=\"section\">\n\t\t\t\t\t\t<div class=\"elementor-container elementor-column-gap-no\">\n\t\t\t\t\t<div class=\"elementor-column elementor-col-50 elementor-inner-column elementor-element elementor-element-89e9348 tm-bg-color-over-image\" data-id=\"89e9348\" data-element_type=\"column\">\n\t\t\t<div class=\"elementor-widget-wrap elementor-element-populated\">\n\t\t\t\t\t\t<div class=\"elementor-element elementor-element-92f0a7c elementor-widget elementor-widget-tm-ele-iconbox\" data-id=\"92f0a7c\" data-element_type=\"widget\" data-widget_type=\"tm-ele-iconbox.default\">\n\t\t\t\t<div class=\"elementor-widget-container\">\n\t\t\t<div class=\"tm-sc-icon-box icon-box icon-left tm-iconbox-icontype-no-icon icon-position-icon-left animate-icon-on-hover animate-icon-rotate-y\" >\r\n\t\r\n  \t<div class=\"icon-box-wrapper\">\r\n\t\t\r\n\t\t\t<div class=\"icon-text\">\r\n\t\t\t\t\t\t\r\n\t\t\t\t\t<div class=\"content\"><\/div>\r\n\t\t\t\t\t\t\r\n\t\t\t\r\n\t\r\n\t\t\t\t\t<\/div>\r\n\t\t<div class=\"clearfix\"><\/div>\r\n\t<\/div>\r\n<\/div>\t\t<\/div>\n\t\t\t\t<\/div>\n\t\t\t\t\t<\/div>\n\t\t<\/div>\n\t\t\t\t<div class=\"elementor-column elementor-col-50 elementor-inner-column elementor-element elementor-element-c37c1db tm-bg-color-over-image\" data-id=\"c37c1db\" data-element_type=\"column\">\n\t\t\t<div class=\"elementor-widget-wrap elementor-element-populated\">\n\t\t\t\t\t\t<div class=\"elementor-element elementor-element-134fbe8 elementor-widget__width-initial elementor-widget elementor-widget-tm-ele-button\" data-id=\"134fbe8\" data-element_type=\"widget\" data-widget_type=\"tm-ele-button.default\">\n\t\t\t\t<div class=\"elementor-widget-container\">\n\t\t\t<div class=\"tm-sc-button btn-view-details \">\r\n\t<a  href=\"https:\/\/kodesolution.com\/2023\/desix\/about\/\" \r\n\t\t\t\t\t\tclass=\"btn btn-theme-colored1 btn-round\">\r\n\r\n\t\t\r\n\t\t\r\n\t\t<span>\r\n\t\tCons\u00faltanos\t\t<\/span>\r\n\r\n\t\t\t<\/a>\r\n<\/div>\t\t<\/div>\n\t\t\t\t<\/div>\n\t\t\t\t\t<\/div>\n\t\t<\/div>\n\t\t\t\t\t<\/div>\n\t\t<\/section>\n\t\t\t\t\t<\/div>\n\t\t<\/div>\n\t\t\t\t\t<\/div>\n\t\t<\/section>\n\t\t\t\t<section class=\"elementor-section elementor-top-section elementor-element elementor-element-8c8ffe4 elementor-section-boxed elementor-section-height-default elementor-section-height-default tm-col-stretched-none tm-bg-color-over-image\" data-id=\"8c8ffe4\" data-element_type=\"section\">\n\t\t\t\t\t\t<div class=\"elementor-container elementor-column-gap-no\">\n\t\t\t\t\t<div class=\"elementor-column elementor-col-100 elementor-top-column elementor-element elementor-element-b4b55d4 tm-bg-color-over-image\" data-id=\"b4b55d4\" data-element_type=\"column\">\n\t\t\t<div class=\"elementor-widget-wrap elementor-element-populated\">\n\t\t\t\t\t\t<div class=\"elementor-element elementor-element-d53bc14 elementor-widget elementor-widget-image\" data-id=\"d53bc14\" data-element_type=\"widget\" data-widget_type=\"image.default\">\n\t\t\t\t<div class=\"elementor-widget-container\">\n\t\t\t<style>\/*! elementor - v3.20.0 - 20-03-2024 *\/\n.elementor-widget-image{text-align:center}.elementor-widget-image a{display:inline-block}.elementor-widget-image a img[src$=\".svg\"]{width:48px}.elementor-widget-image img{vertical-align:middle;display:inline-block}<\/style>\t\t\t\t\t\t\t\t\t\t\t<a href=\"https:\/\/ayctechnologies.com\/wp-content\/uploads\/2023\/11\/eye_specifications.png\" data-elementor-open-lightbox=\"yes\" data-elementor-lightbox-title=\"eye_specifications\" data-e-action-hash=\"#elementor-action%3Aaction%3Dlightbox%26settings%3DeyJpZCI6NzI3NzgsInVybCI6Imh0dHBzOlwvXC9heWN0ZWNobm9sb2dpZXMuY29tXC93cC1jb250ZW50XC91cGxvYWRzXC8yMDIzXC8xMVwvZXllX3NwZWNpZmljYXRpb25zLnBuZyJ9\">\n\t\t\t\t\t\t\t<img loading=\"lazy\" decoding=\"async\" width=\"723\" height=\"460\" src=\"https:\/\/ayctechnologies.com\/wp-content\/uploads\/2023\/11\/eye_specifications.png\" class=\"attachment-large size-large wp-image-72778\" alt=\"\" srcset=\"https:\/\/ayctechnologies.com\/wp-content\/uploads\/2023\/11\/eye_specifications.png 723w, https:\/\/ayctechnologies.com\/wp-content\/uploads\/2023\/11\/eye_specifications-300x191.png 300w, https:\/\/ayctechnologies.com\/wp-content\/uploads\/2023\/11\/eye_specifications-600x382.png 600w\" sizes=\"(max-width: 723px) 100vw, 723px\" \/>\t\t\t\t\t\t\t\t<\/a>\n\t\t\t\t\t\t\t\t\t\t\t\t\t<\/div>\n\t\t\t\t<\/div>\n\t\t\t\t\t<\/div>\n\t\t<\/div>\n\t\t\t\t\t<\/div>\n\t\t<\/section>\n\t\t\t\t<section class=\"elementor-section elementor-top-section elementor-element elementor-element-777b834 elementor-section-stretched elementor-section-boxed elementor-section-height-default elementor-section-height-default tm-col-stretched-none tm-bg-color-over-image\" data-id=\"777b834\" data-element_type=\"section\" data-settings=\"{&quot;stretch_section&quot;:&quot;section-stretched&quot;}\">\n\t\t\t\t\t\t<div class=\"elementor-container elementor-column-gap-extended\">\n\t\t\t\t\t<div class=\"elementor-column elementor-col-100 elementor-top-column elementor-element elementor-element-d07aadc tm-bg-color-over-image\" data-id=\"d07aadc\" data-element_type=\"column\">\n\t\t\t<div class=\"elementor-widget-wrap elementor-element-populated\">\n\t\t\t\t\t\t<section class=\"elementor-section elementor-inner-section elementor-element elementor-element-a6376a0 elementor-section-boxed elementor-section-height-default elementor-section-height-default tm-col-stretched-none tm-bg-color-over-image\" data-id=\"a6376a0\" data-element_type=\"section\" data-settings=\"{&quot;background_background&quot;:&quot;classic&quot;}\">\n\t\t\t\t\t\t<div class=\"elementor-container elementor-column-gap-extended\">\n\t\t\t\t\t<div class=\"elementor-column elementor-col-50 elementor-inner-column elementor-element elementor-element-9c8313d tm-bg-color-over-image\" data-id=\"9c8313d\" data-element_type=\"column\">\n\t\t\t<div class=\"elementor-widget-wrap elementor-element-populated\">\n\t\t\t\t\t\t<div class=\"elementor-element elementor-element-1ee0144 square-box-align-left square-box-current-theme-yes horizontal-line-align-left vertical-line-align-bottom elementor-widget elementor-widget-tm-ele-section-title\" data-id=\"1ee0144\" data-element_type=\"widget\" data-widget_type=\"tm-ele-section-title.default\">\n\t\t\t\t<div class=\"elementor-widget-container\">\n\t\t\t<div class=\"tm-sc-section-title section-title \">\r\n\t<div class=\"title-wrapper\">\r\n\t\t\t\t\t\t<p class=\"subtitle \">\r\n\r\n\t\t\r\n\t\tCAT\u00c1LOGO \t<\/p>\r\n\t\t\t\t<h3 class=\"title \">\r\n\r\n\t\t\r\n\t\t\t\t<span class=\"title-part1 \">Consulta con uno de nuestros agentes<\/span>\r\n\t\t\t\t\r\n\t\t\r\n\t<\/h3>\r\n\t<div class=\"title-seperator-line\"><\/div>\t\t\t\t\t\t<\/div>\r\n<\/div>\t\t<\/div>\n\t\t\t\t<\/div>\n\t\t\t\t<div class=\"elementor-element elementor-element-0f1df11 elementor-widget elementor-widget-tm-ele-floating-objects\" data-id=\"0f1df11\" data-element_type=\"widget\" data-widget_type=\"tm-ele-floating-objects.default\">\n\t\t\t\t<div class=\"elementor-widget-container\">\n\t\t\t\t\t<div class=\"tm-ele-floating-objects \">\r\n\t<span class=\"each-object elementor-repeater-item-08727cd tm-animation-floating \" style=\"background-image: url(https:\/\/ayctechnologies.com\/wp-content\/uploads\/2023\/07\/icon-arrow2.png);\"><\/span><span class=\"each-object elementor-repeater-item-d78510f tm-animation-floating \" style=\"background-image: url(https:\/\/ayctechnologies.com\/wp-content\/uploads\/2023\/07\/icon-line3.png);\"><\/span>\t\t<\/div>\r\n\t\t\t<\/div>\n\t\t\t\t<\/div>\n\t\t\t\t<div class=\"elementor-element elementor-element-92a8ff0 tm-contact-form-7-button-align-left tm-contact-form-7-button-custom elementor-widget elementor-widget-tm-ele-contact-form-7\" data-id=\"92a8ff0\" data-element_type=\"widget\" data-widget_type=\"tm-ele-contact-form-7.default\">\n\t\t\t\t<div class=\"elementor-widget-container\">\n\t\t\t<div class=\"tm-contact-form-7-wrapper\">\r\n\t\t\t\t<div class=\"tm-contact-form tm-contact-form-7 tm-contact-form-92a8ff0 placeholder-show tm-contact-form-align-default\">\n<div class=\"wpcf7 no-js\" id=\"wpcf7-f66964-o1\" lang=\"en-US\" dir=\"ltr\">\n<div class=\"screen-reader-response\"><p role=\"status\" aria-live=\"polite\" aria-atomic=\"true\"><\/p> <ul><\/ul><\/div>\n<form action=\"\/index.php\/wp-json\/wp\/v2\/product\/62243#wpcf7-f66964-o1\" method=\"post\" class=\"wpcf7-form init\" aria-label=\"Contact form\" novalidate=\"novalidate\" data-status=\"init\">\n<div style=\"display: none;\">\n<input type=\"hidden\" name=\"_wpcf7\" value=\"66964\" \/>\n<input type=\"hidden\" name=\"_wpcf7_version\" value=\"5.9.3\" \/>\n<input type=\"hidden\" name=\"_wpcf7_locale\" value=\"en_US\" \/>\n<input type=\"hidden\" name=\"_wpcf7_unit_tag\" value=\"wpcf7-f66964-o1\" \/>\n<input type=\"hidden\" name=\"_wpcf7_container_post\" value=\"0\" \/>\n<input type=\"hidden\" name=\"_wpcf7_posted_data_hash\" value=\"\" \/>\n<input type=\"hidden\" name=\"_wpcf7_recaptcha_response\" value=\"\" \/>\n<\/div>\n<div class=\"contact\">\n  <div class=\"row g-3\">\n    <div class=\"col-sm-6\">\n        <span class=\"wpcf7-form-control-wrap\" data-name=\"your-name\"><input size=\"40\" class=\"wpcf7-form-control wpcf7-text wpcf7-validates-as-required form-control\" aria-required=\"true\" aria-invalid=\"false\" placeholder=\"Nombre Completo\" value=\"\" type=\"text\" name=\"your-name\" \/><\/span>\n    <\/div>\n    <div class=\"col-sm-6\">\n        <span class=\"wpcf7-form-control-wrap\" data-name=\"your-email\"><input size=\"40\" class=\"wpcf7-form-control wpcf7-email wpcf7-validates-as-required wpcf7-text wpcf7-validates-as-email form-control\" aria-required=\"true\" aria-invalid=\"false\" placeholder=\"Email\" value=\"\" type=\"email\" name=\"your-email\" \/><\/span>\n    <\/div>\n<div class=\"col-sm-12\">\n        <span class=\"wpcf7-form-control-wrap\" data-name=\"country\"><input size=\"40\" class=\"wpcf7-form-control wpcf7-text wpcf7-validates-as-required form-control\" aria-required=\"true\" aria-invalid=\"false\" placeholder=\"Pa\u00eds\" value=\"\" type=\"text\" name=\"country\" \/><\/span>\n    <\/div>\n    <div class=\"col-sm-12\">\n        <span class=\"wpcf7-form-control-wrap\" data-name=\"consultation\"><textarea cols=\"40\" rows=\"7\" class=\"wpcf7-form-control wpcf7-textarea wpcf7-validates-as-required form-control\" aria-required=\"true\" aria-invalid=\"false\" placeholder=\"Consulta\" name=\"consultation\"><\/textarea><\/span>\n    <\/div>\n    <div class=\"col-sm-12\">\n        <input class=\"wpcf7-form-control wpcf7-submit has-spinner btn btn-theme-colored1\" type=\"submit\" value=\"Enviar\" \/>\n    <\/div>\n  <\/div>\n<\/div><div class=\"wpcf7-response-output\" aria-hidden=\"true\"><\/div>\n<\/form>\n<\/div>\n<\/div>\r\n\t\t\t<\/div>\t\t<\/div>\n\t\t\t\t<\/div>\n\t\t\t\t\t<\/div>\n\t\t<\/div>\n\t\t\t\t<div class=\"elementor-column elementor-col-50 elementor-inner-column elementor-element elementor-element-db5f428 elementor-hidden-mobile tm-bg-color-over-image\" data-id=\"db5f428\" data-element_type=\"column\">\n\t\t\t<div class=\"elementor-widget-wrap elementor-element-populated\">\n\t\t\t\t\t\t<div class=\"elementor-element elementor-element-6d91b04 elementor-hidden-mobile elementor-widget elementor-widget-image\" data-id=\"6d91b04\" data-element_type=\"widget\" data-widget_type=\"image.default\">\n\t\t\t\t<div class=\"elementor-widget-container\">\n\t\t\t\t\t\t\t\t\t\t\t\t\t<img loading=\"lazy\" decoding=\"async\" width=\"540\" height=\"720\" src=\"https:\/\/ayctechnologies.com\/wp-content\/uploads\/2023\/08\/banner_3.jpg\" class=\"attachment-desix_thumbnail_height size-desix_thumbnail_height wp-image-72514\" alt=\"\" srcset=\"https:\/\/ayctechnologies.com\/wp-content\/uploads\/2023\/08\/banner_3.jpg 540w, https:\/\/ayctechnologies.com\/wp-content\/uploads\/2023\/08\/banner_3-225x300.jpg 225w, https:\/\/ayctechnologies.com\/wp-content\/uploads\/2023\/08\/banner_3-400x532.jpg 400w\" sizes=\"(max-width: 540px) 100vw, 540px\" \/>\t\t\t\t\t\t\t\t\t\t\t\t\t<\/div>\n\t\t\t\t<\/div>\n\t\t\t\t\t<\/div>\n\t\t<\/div>\n\t\t\t\t\t<\/div>\n\t\t<\/section>\n\t\t\t\t\t<\/div>\n\t\t<\/div>\n\t\t\t\t\t<\/div>\n\t\t<\/section>\n\t\t\t\t<section class=\"elementor-section elementor-top-section elementor-element elementor-element-b08debb elementor-section-full_width elementor-section-height-default elementor-section-height-default tm-col-stretched-none tm-bg-color-over-image\" data-id=\"b08debb\" data-element_type=\"section\">\n\t\t\t\t\t\t<div class=\"elementor-container elementor-column-gap-default\">\n\t\t\t\t\t<div class=\"elementor-column elementor-col-100 elementor-top-column elementor-element elementor-element-1f8361e tm-bg-color-over-image\" data-id=\"1f8361e\" data-element_type=\"column\">\n\t\t\t<div class=\"elementor-widget-wrap\">\n\t\t\t\t\t\t\t<\/div>\n\t\t<\/div>\n\t\t\t\t\t<\/div>\n\t\t<\/section>\n\t\t\t\t<\/div>\n\t\t\n","protected":false},"excerpt":{"rendered":"<p>GoldenEyeTM de BaySpec es el \u00fanico generador de im\u00e1genes hiperespectrales Snapshot que cubre de 400 a 1100 nm. Utilizando la tecnolog\u00eda patentada FT-PI de BaySpec, este novedoso generador de im\u00e1genes presenta una alta sensibilidad y es m\u00e1s adecuado para aplicaciones de bajo nivel de luz, como las im\u00e1genes de fluorescencia.<\/p>\n","protected":false},"featured_media":72803,"comment_status":"open","ping_status":"closed","template":"","meta":{"om_disable_all_campaigns":false,"_monsterinsights_skip_tracking":false,"_monsterinsights_sitenote_active":false,"_monsterinsights_sitenote_note":"","_monsterinsights_sitenote_category":0,"_uf_show_specific_survey":0,"_uf_disable_surveys":false},"product_cat":[164,135,83,138,137],"product_tag":[151,163,140,160,155],"class_list":{"0":"post-62243","1":"product","2":"type-product","3":"status-publish","4":"has-post-thumbnail","6":"product_cat-agricultura-de-precision","7":"product_cat-farmaceutica","8":"product_cat-hyperspectrales","9":"product_cat-industrial","10":"product_cat-mineria","11":"product_tag-agricultura-de-precision","12":"product_tag-analisis-de-alimentos","13":"product_tag-farmaceutica","14":"product_tag-linea-biomedica","15":"product_tag-medicina","17":"first","18":"instock","19":"virtual","20":"product-type-simple"},"aioseo_notices":[],"_links":{"self":[{"href":"https:\/\/ayctechnologies.com\/index.php\/wp-json\/wp\/v2\/product\/62243","targetHints":{"allow":["GET"]}}],"collection":[{"href":"https:\/\/ayctechnologies.com\/index.php\/wp-json\/wp\/v2\/product"}],"about":[{"href":"https:\/\/ayctechnologies.com\/index.php\/wp-json\/wp\/v2\/types\/product"}],"replies":[{"embeddable":true,"href":"https:\/\/ayctechnologies.com\/index.php\/wp-json\/wp\/v2\/comments?post=62243"}],"wp:featuredmedia":[{"embeddable":true,"href":"https:\/\/ayctechnologies.com\/index.php\/wp-json\/wp\/v2\/media\/72803"}],"wp:attachment":[{"href":"https:\/\/ayctechnologies.com\/index.php\/wp-json\/wp\/v2\/media?parent=62243"}],"wp:term":[{"taxonomy":"product_cat","embeddable":true,"href":"https:\/\/ayctechnologies.com\/index.php\/wp-json\/wp\/v2\/product_cat?post=62243"},{"taxonomy":"product_tag","embeddable":true,"href":"https:\/\/ayctechnologies.com\/index.php\/wp-json\/wp\/v2\/product_tag?post=62243"}],"curies":[{"name":"wp","href":"https:\/\/api.w.org\/{rel}","templated":true}]}}